{"id":1642,"date":"2021-05-15T19:21:28","date_gmt":"2021-05-15T19:21:28","guid":{"rendered":"https:\/\/bestwesternplusmontreal.gmtpdigital.ca\/?page_id=1642"},"modified":"2021-08-26T00:13:51","modified_gmt":"2021-08-26T00:13:51","slug":"centre-daffaire","status":"publish","type":"page","link":"https:\/\/bestwesternplusmontreal.gmtpdigital.ca\/fr\/centre-daffaire\/","title":{"rendered":"Centre d&rsquo;affaire"},"content":{"rendered":"<div class=\"row row-collapse row-full-width\"  id=\"row-1510761269\">\n\n\t<div id=\"col-722593275\" class=\"col small-12 large-12\"  >\n\t\t\t\t<div class=\"col-inner\"  >\n\t\t\t\n\t\t\t\n\t<div class=\"img has-hover x md-x lg-x y md-y lg-y\" id=\"image_2048152799\">\n\t\t\t\t\t\t\t\t<div class=\"img-inner image-cover dark\" style=\"padding-top:69%;\">\n\t\t\t<img fetchpriority=\"high\" decoding=\"async\" width=\"640\" height=\"340\" src=\"https:\/\/bestwesternplusmontreal.gmtpdigital.ca\/wp-content\/uploads\/sites\/285\/2021\/05\/Business_Services_Picture.jpg\" class=\"attachment-large size-large\" alt=\"\" srcset=\"https:\/\/bestwesternplusmontreal.gmtpdigital.ca\/wp-content\/uploads\/sites\/285\/2021\/05\/Business_Services_Picture.jpg 640w, https:\/\/bestwesternplusmontreal.gmtpdigital.ca\/wp-content\/uploads\/sites\/285\/2021\/05\/Business_Services_Picture-300x159.jpg 300w\" sizes=\"(max-width: 640px) 100vw, 640px\" \/>\t\t\t\t\t\t\n\t\t\t\t\t<\/div>\n\t\t\t\t\t\t\t\t\n<style>\n#image_2048152799 {\n  width: 100%;\n}\n<\/style>\n\t<\/div>\n\t\n\t\t<\/div>\n\t\t\t\t\t<\/div>\n\n\t\n<\/div>\n<div class=\"row row-collapse row-full-width odd\"  id=\"row-246456394\">\n\n\t<div id=\"col-1083499229\" class=\"col medium-12 small-12 large-12\"  >\n\t\t\t\t<div class=\"col-inner\"  >\n\t\t\t\n\t\t\t\n<h2 style=\"color: white;margin-top: 13px;text-align: center\">Centre d&rsquo;affaire<\/h2>\n\t\t<\/div>\n\t\t\t\t\t<\/div>\n\n\t\n<\/div>\n\t<div id=\"gap-848968794\" class=\"gap-element clearfix\" style=\"display:block; height:auto;\">\n\t\t\n<style>\n#gap-848968794 {\n  padding-top: 30px;\n}\n<\/style>\n\t<\/div>\n\t\n<div class=\"row\"  id=\"row-738331578\">\n\n\t<div id=\"col-1617509629\" class=\"col small-12 large-12\"  >\n\t\t\t\t<div class=\"col-inner\"  >\n\t\t\t\n\t\t\t\n<p class=\"p1\">Des salles peuvent \u00eatre r\u00e9serv\u00e9es pour des groupes de 10 \u00e0 15 personnes.<\/p>\n<p class=\"p1\">Des salles de r\u00e9unions enti\u00e8rement \u00e9quip\u00e9es des plus r\u00e9cents \u00e9quipements\u00a0audiovisuels sont disponibles.<\/p>\n<p class=\"p1\">Pour obtenir de l\u2019aide, contacter notre r\u00e9ception composer le 0 du lundi au\u00a0vendredi de 8h00 \u00e0 17h00.<\/p>\n<p class=\"p1\"><strong>Centre d\u2019affaires<br \/><\/strong>Le centre d\u2019affaires est ouvert 24 heures par jour.<\/p>\n<p class=\"p1\"><strong>Photocopies<br \/><\/strong>Photocopies . . . . . . . . . . . . . . . . . . . . . . . . . . .Complimentaire<\/p>\n<p class=\"p1\"><strong>T\u00e9l\u00e9copie<br \/><\/strong><strong>Sortant<br \/><\/strong>Local . . . . . . . . . . . . . . . . . . . . . . . . . . . . . . . . . . .Complimentaire<br \/>Canada\/\u00c9.-U. . . . . . . . . . . . . . . . . . . . . . . . . . . Complimentaire<br \/>International. . . . . . . . . . . . . . . . . . . . . . . . . . .Complimentaire<br \/>Entrant . . . . . . . . . . . . . . . . . . . . . . . . . . . . . . . . Complimentaire<\/p>\n<p class=\"p1\">Notre num\u00e9ro de t\u00e9l\u00e9copieur est le 514-903-5681.<\/p>\n<p class=\"p1\">Les taxes applicables seront factur\u00e9es.<\/p>\n<p class=\"p1\">Les prix sont sujets \u00e0 changement sans pr\u00e9avis.<\/p>\n\t\t<\/div>\n\t\t\t\t\t<\/div>\n\n\t\n<\/div>\n<div class=\"row footer-gap\"  id=\"row-1756837209\">\n\n\t<div id=\"col-650412181\" class=\"col small-12 large-12\"  >\n\t\t\t\t<div class=\"col-inner\"  >\n\t\t\t\n\t\t\t\n\t<div id=\"gap-1779649239\" class=\"gap-element clearfix\" style=\"display:block; height:auto;\">\n\t\t\n<style>\n#gap-1779649239 {\n  padding-top: 53px;\n}\n<\/style>\n\t<\/div>\n\t\n\t\t<\/div>\n\t\t\t\t\t<\/div>\n\n\t\n<\/div>\n\t<div id=\"gap-1129510185\" class=\"gap-element clearfix\" style=\"display:block; height:auto;\">\n\t\t\n<style>\n#gap-1129510185 {\n  padding-top: 100px;\n}\n<\/style>\n\t<\/div>\n\t\n","protected":false},"excerpt":{"rendered":"","protected":false},"author":22,"featured_media":0,"parent":0,"menu_order":0,"comment_status":"closed","ping_status":"closed","template":"page-blank.php","meta":{"_mi_skip_tracking":false,"footnotes":""},"class_list":["post-1642","page","type-page","status-publish","hentry"],"_links":{"self":[{"href":"https:\/\/bestwesternplusmontreal.gmtpdigital.ca\/fr\/wp-json\/wp\/v2\/pages\/1642","targetHints":{"allow":["GET"]}}],"collection":[{"href":"https:\/\/bestwesternplusmontreal.gmtpdigital.ca\/fr\/wp-json\/wp\/v2\/pages"}],"about":[{"href":"https:\/\/bestwesternplusmontreal.gmtpdigital.ca\/fr\/wp-json\/wp\/v2\/types\/page"}],"author":[{"embeddable":true,"href":"https:\/\/bestwesternplusmontreal.gmtpdigital.ca\/fr\/wp-json\/wp\/v2\/users\/22"}],"replies":[{"embeddable":true,"href":"https:\/\/bestwesternplusmontreal.gmtpdigital.ca\/fr\/wp-json\/wp\/v2\/comments?post=1642"}],"version-history":[{"count":6,"href":"https:\/\/bestwesternplusmontreal.gmtpdigital.ca\/fr\/wp-json\/wp\/v2\/pages\/1642\/revisions"}],"predecessor-version":[{"id":1853,"href":"https:\/\/bestwesternplusmontreal.gmtpdigital.ca\/fr\/wp-json\/wp\/v2\/pages\/1642\/revisions\/1853"}],"wp:attachment":[{"href":"https:\/\/bestwesternplusmontreal.gmtpdigital.ca\/fr\/wp-json\/wp\/v2\/media?parent=1642"}],"curies":[{"name":"wp","href":"https:\/\/api.w.org\/{rel}","templated":true}]}}