{"id":374,"date":"2018-09-28T22:48:16","date_gmt":"2018-09-28T22:48:16","guid":{"rendered":"http:\/\/gmtpdigital.ca\/bestwesternplusmontreal\/?page_id=374"},"modified":"2025-03-19T13:40:44","modified_gmt":"2025-03-19T13:40:44","slug":"emergency","status":"publish","type":"page","link":"https:\/\/bestwesternplusmontreal.gmtpdigital.ca\/fr\/emergency\/","title":{"rendered":"Emergency"},"content":{"rendered":"<div class=\"row row-collapse row-full-width\"  id=\"row-618574547\">\n\n\t<div id=\"col-1974422562\" class=\"col small-12 large-12\"  >\n\t\t\t\t<div class=\"col-inner\"  >\n\t\t\t\n\t\t\t\n\t<div class=\"img has-hover x md-x lg-x y md-y lg-y\" id=\"image_1407219351\">\n\t\t\t\t\t\t\t\t<div class=\"img-inner image-cover dark\" style=\"padding-top:69%;\">\n\t\t\t<img fetchpriority=\"high\" decoding=\"async\" width=\"1020\" height=\"536\" src=\"https:\/\/bestwesternplusmontreal.gmtpdigital.ca\/wp-content\/uploads\/sites\/285\/2018\/09\/emergency-exit-1321134_1280-1024x538.jpg\" class=\"attachment-large size-large\" alt=\"\" srcset=\"https:\/\/bestwesternplusmontreal.gmtpdigital.ca\/wp-content\/uploads\/sites\/285\/2018\/09\/emergency-exit-1321134_1280-1024x538.jpg 1024w, https:\/\/bestwesternplusmontreal.gmtpdigital.ca\/wp-content\/uploads\/sites\/285\/2018\/09\/emergency-exit-1321134_1280-300x158.jpg 300w, https:\/\/bestwesternplusmontreal.gmtpdigital.ca\/wp-content\/uploads\/sites\/285\/2018\/09\/emergency-exit-1321134_1280-768x403.jpg 768w, https:\/\/bestwesternplusmontreal.gmtpdigital.ca\/wp-content\/uploads\/sites\/285\/2018\/09\/emergency-exit-1321134_1280-600x315.jpg 600w, https:\/\/bestwesternplusmontreal.gmtpdigital.ca\/wp-content\/uploads\/sites\/285\/2018\/09\/emergency-exit-1321134_1280.jpg 1280w\" sizes=\"(max-width: 1020px) 100vw, 1020px\" \/>\t\t\t\t\t\t\n\t\t\t\t\t<\/div>\n\t\t\t\t\t\t\t\t\n<style>\n#image_1407219351 {\n  width: 100%;\n}\n<\/style>\n\t<\/div>\n\t\n\t\t<\/div>\n\t\t\t\t\t<\/div>\n\n\t\n<\/div>\n<div class=\"row row-collapse row-full-width odd\"  id=\"row-1122345683\">\n\n\t<div id=\"col-461023970\" class=\"col medium-12 small-12 large-12\"  >\n\t\t\t\t<div class=\"col-inner\"  >\n\t\t\t\n\t\t\t\n<h2 style=\"color: white;margin-top: 13px;text-align: center\">Proc\u00e9dures<br \/>\nd&rsquo;Urgence<\/h2>\n\t\t<\/div>\n\t\t\t\t\t<\/div>\n\n\t\n<\/div>\n\t<div id=\"gap-1050795810\" class=\"gap-element clearfix\" style=\"display:block; height:auto;\">\n\t\t\n<style>\n#gap-1050795810 {\n  padding-top: 30px;\n}\n<\/style>\n\t<\/div>\n\t\n<div class=\"row\"  id=\"row-113083934\">\n\n\t<div id=\"col-1339116791\" class=\"col small-12 large-12\"  >\n\t\t\t\t<div class=\"col-inner\"  >\n\t\t\t\n\t\t\t\n<p class=\"p1\"><strong>Nous avons votre s\u00e9curit\u00e9 \u00e0 coeur<br \/><\/strong>Votre confort et votre mieux-\u00eatre sont nos principales priorit\u00e9s. Nous vous\u00a0demandons avec insistance de tirer profit de ces conseils en s\u00fbret\u00e9 et s\u00e9curit\u00e9.\u00a0Soyez certain que tous les verrous des portes int\u00e9rieures et des fen\u00eatres\u00a0fonctionnent correctement.\u00a0Utiliser le judas de la porte afin d\u2019identifier toute personne avant d\u2019ouvrir la\u00a0porte.<\/p>\n<p class=\"p1\">Si votre chambre est munie d\u2019une porte communicante, soyez certain que le\u00a0verrou de votre c\u00f4t\u00e9 est correctement.<\/p>\n<p class=\"p1\">Lorsque vous quittez votre v\u00e9hicule, assurez-vous qu\u2019il est verrouill\u00e9. Ne laissez\u00a0pas d\u2019objets de valeur dans votre v\u00e9hicule ou dans votre chambre.\u00a0Conservez votre cl\u00e9 \/ carte d\u2019acc\u00e8s \u00e0 la chambre en tout temps. Ne la laissez pas sans protection et ne la donnez pas \u00e0 quelqu\u2019un autre que les gens\u00a0enregistr\u00e9s avec vous dans votre chambre. Remettez votre cl\u00e9 \/ carte d\u2019acc\u00e8s\u00a0lors de votre d\u00e9part.<\/p>\n<p class=\"p1\"><strong>En cas d\u2019urgence<\/strong><\/p>\n<p class=\"p1\"><strong>Appeler la r\u00e9ception<\/strong> . . Composer le \u201c0\u201d<\/p>\n<p class=\"p1\"><strong>Soyez pr\u00eat<br \/><\/strong>Localiser la sortie de secours la plus pr\u00e8s de votre chambre. Localiser les\u00a0extincteurs et les alertes d\u2019incendie les plus pr\u00e8s. Sachez o\u00f9 se trouve votre cl\u00e9 \/\u00a0carte d\u2019acc\u00e8s en tout temps. Un plan d\u2019\u00e9vacuation en cas d\u2019incendie est situ\u00e9 au\u00a0dos de la porte de votre chambre.<\/p>\n<p class=\"p1\">Si une alerte d\u2019incendie se d\u00e9clenche ou si vous sentez de la fum\u00e9e\u00a0Demeurez calme. Ne paniquez pas. Touchez la porte de votre chambre. Si elle\u00a0est chaude, ne l\u2019ouvrez pas. Si la temp\u00e9rature de la porte est normale, ouvrez-la\u00a0et v\u00e9rifiez le corridor. Si l\u2019alerte n\u2019a pas encore sonn\u00e9 mais que vous sentez de la\u00a0fum\u00e9e, d\u00e9clenchez l\u2019alerte. S\u2019il n\u2019y a pas de fum\u00e9e dans le corridor, quittez votre\u00a0chambre. Apportez votre cl\u00e9 \/ carte d\u2019acc\u00e8s et avancer \u00e0 la sortie de secours\u00a0la plus pr\u00e8s. S\u2019il y a de la fum\u00e9e dans la cage d\u2019escalier, allez \u00e0 l\u2019autre extr\u00e9mit\u00e9\u00a0du corridor ou retournez \u00e0 votre chambre. Tous les clients ayant une incapacit\u00e9\u00a0devraient appeler \u00e0 la r\u00e9ception pour de l\u2019aide.<\/p>\n<p class=\"p1\"><strong>Si vous devez demeurer dans votre chambre<br \/><\/strong>Remplir la baignoire d\u2019eau froide. Y tremper des draps et des serviettes et les poser \u00e0 la base de porte. Appeler la r\u00e9ception, leur dire votre num\u00e9ro de chambre et que vous demeurez dans votre chambre en raison de la fum\u00e9e dans le corridor\u00a0ou la cage d\u2019escalier. Si la fum\u00e9e commence \u00e0 p\u00e9n\u00e9trer dans votre chambre,\u00a0s\u2019accroupir sous le niveau de la fum\u00e9e et se couvrir le nez et la bouche d\u2019un linge\u00a0humide.<\/p>\n<p class=\"p1\"><strong>Pour pr\u00e9venir les incendies<br \/><\/strong>Conserver les allumettes hors de la port\u00e9e des enfants.<\/p>\n<p class=\"p1\"><strong>CONSEILS DE S\u00c9CURIT\u00c9 SUR LE\u00a0MONOXYDE DE CARBONE<\/strong><br \/><strong>ATTENTION<br \/><\/strong>Voici quelques sympt\u00f4mes de l\u2019exposition au\u00a0monoxyde de carbone:<br \/>\u00c0 faire si un avertisseur de monoxyde de carbone\u00a0retentit ou si vous ressentez des sympt\u00f4mes\u00a0d\u2019exposition au monoxyde de carbone:<br \/>Le monoxyde de carbone est un gaz incolore, inodore et\u00a0toxique, et son exposition peut \u00eatre fatale. Votre pi\u00e8ce\u00a0est \u00e9quip\u00e9e d\u2019un d\u00e9tecteur de monoxyde de carbone.<\/p>\n<p class=\"p1\"><strong>Mal de t\u00eate<\/strong><br \/><strong>Fatigue<\/strong><br \/><strong>Faiblesse<\/strong><br \/><strong>Naus\u00e9e<\/strong><br \/><strong>Essoufflement<\/strong><br \/><strong>Confusion<\/strong><br \/><strong>Vomissement<\/strong><br \/><strong>Vision floue<\/strong><br \/><strong>Vertiges<\/strong><br \/><strong>Perte de coordination musculaire<\/strong><br \/><strong>\u00c9vanouissement<\/strong><br \/><strong>Perte de conscience1<\/strong><\/p>\n<p class=\"p1\">\u2022 Ne jamais ignorer un avertisseur de monoxyde de carbone qui sonne.<br \/>\u2022 Sortir imm\u00e9diatement \u00e0 l\u2019air frais.<br \/>\u2022 Avertir la r\u00e9ception de l\u2019h\u00f4tel.<br \/>\u2022 Appeler le 911, les services d\u2019urgence ou le service d\u2019incendie.<br \/>\u2022 Faire un d\u00e9compte pour v\u00e9rifier que toutes les personnes de votre groupe sont comptabilis\u00e9es.<br \/>\u2022 Ne pas rentrer dans les locaux tant que les intervenants des services d\u2019urgence ne vous y ont pas autoris\u00e9.2<br \/>1 Source de la liste des sympt\u00f4mes : Consumer Product Safety Commission et Mayo Clinic.<br \/>2 Source des r\u00e9actions recommand\u00e9es en cas d\u2019alarme sonore ou de symptomes : Consumer<\/p>\n<p class=\"p1\">Product Safety Commission.<\/p>\n\t<div class=\"img has-hover x md-x lg-x y md-y lg-y\" id=\"image_1096926071\">\n\t\t\t\t\t\t\t\t<div class=\"img-inner dark\" >\n\t\t\t<img decoding=\"async\" width=\"631\" height=\"1024\" src=\"https:\/\/bestwesternplusmontreal.gmtpdigital.ca\/wp-content\/uploads\/sites\/285\/2025\/03\/Monoxyde_FR-631x1024.jpg\" class=\"attachment-large size-large\" alt=\"\" srcset=\"https:\/\/bestwesternplusmontreal.gmtpdigital.ca\/wp-content\/uploads\/sites\/285\/2025\/03\/Monoxyde_FR-631x1024.jpg 631w, https:\/\/bestwesternplusmontreal.gmtpdigital.ca\/wp-content\/uploads\/sites\/285\/2025\/03\/Monoxyde_FR-185x300.jpg 185w, https:\/\/bestwesternplusmontreal.gmtpdigital.ca\/wp-content\/uploads\/sites\/285\/2025\/03\/Monoxyde_FR-768x1247.jpg 768w, https:\/\/bestwesternplusmontreal.gmtpdigital.ca\/wp-content\/uploads\/sites\/285\/2025\/03\/Monoxyde_FR-946x1536.jpg 946w, https:\/\/bestwesternplusmontreal.gmtpdigital.ca\/wp-content\/uploads\/sites\/285\/2025\/03\/Monoxyde_FR-1261x2048.jpg 1261w, https:\/\/bestwesternplusmontreal.gmtpdigital.ca\/wp-content\/uploads\/sites\/285\/2025\/03\/Monoxyde_FR-scaled.jpg 1576w\" sizes=\"(max-width: 631px) 100vw, 631px\" \/>\t\t\t\t\t\t\n\t\t\t\t\t<\/div>\n\t\t\t\t\t\t\t\t\n<style>\n#image_1096926071 {\n  width: 100%;\n}\n<\/style>\n\t<\/div>\n\t\n\t\t<\/div>\n\t\t\t\t\t<\/div>\n\n\t\n<\/div>\n<div class=\"row footer-gap\"  id=\"row-119272628\">\n\n\t<div id=\"col-1173250783\" class=\"col small-12 large-12\"  >\n\t\t\t\t<div class=\"col-inner\"  >\n\t\t\t\n\t\t\t\n\t<div id=\"gap-562013347\" class=\"gap-element clearfix\" style=\"display:block; height:auto;\">\n\t\t\n<style>\n#gap-562013347 {\n  padding-top: 53px;\n}\n<\/style>\n\t<\/div>\n\t\n\t\t<\/div>\n\t\t\t\t\t<\/div>\n\n\t\n<\/div>\n","protected":false},"excerpt":{"rendered":"","protected":false},"author":1,"featured_media":0,"parent":0,"menu_order":0,"comment_status":"closed","ping_status":"closed","template":"page-blank.php","meta":{"_mi_skip_tracking":false,"footnotes":""},"class_list":["post-374","page","type-page","status-publish","hentry"],"_links":{"self":[{"href":"https:\/\/bestwesternplusmontreal.gmtpdigital.ca\/fr\/wp-json\/wp\/v2\/pages\/374","targetHints":{"allow":["GET"]}}],"collection":[{"href":"https:\/\/bestwesternplusmontreal.gmtpdigital.ca\/fr\/wp-json\/wp\/v2\/pages"}],"about":[{"href":"https:\/\/bestwesternplusmontreal.gmtpdigital.ca\/fr\/wp-json\/wp\/v2\/types\/page"}],"author":[{"embeddable":true,"href":"https:\/\/bestwesternplusmontreal.gmtpdigital.ca\/fr\/wp-json\/wp\/v2\/users\/1"}],"replies":[{"embeddable":true,"href":"https:\/\/bestwesternplusmontreal.gmtpdigital.ca\/fr\/wp-json\/wp\/v2\/comments?post=374"}],"version-history":[{"count":10,"href":"https:\/\/bestwesternplusmontreal.gmtpdigital.ca\/fr\/wp-json\/wp\/v2\/pages\/374\/revisions"}],"predecessor-version":[{"id":1956,"href":"https:\/\/bestwesternplusmontreal.gmtpdigital.ca\/fr\/wp-json\/wp\/v2\/pages\/374\/revisions\/1956"}],"wp:attachment":[{"href":"https:\/\/bestwesternplusmontreal.gmtpdigital.ca\/fr\/wp-json\/wp\/v2\/media?parent=374"}],"curies":[{"name":"wp","href":"https:\/\/api.w.org\/{rel}","templated":true}]}}