{"id":380,"date":"2018-09-28T22:57:27","date_gmt":"2018-09-28T22:57:27","guid":{"rendered":"http:\/\/gmtpdigital.ca\/bestwesternplusmontreal\/?page_id=380"},"modified":"2021-08-26T00:13:05","modified_gmt":"2021-08-26T00:13:05","slug":"hotel-services","status":"publish","type":"page","link":"https:\/\/bestwesternplusmontreal.gmtpdigital.ca\/fr\/hotel-services\/","title":{"rendered":"Hotel Services"},"content":{"rendered":"<div class=\"row row-collapse row-full-width\"  id=\"row-824553661\">\n\n\t<div id=\"col-1852632895\" class=\"col small-12 large-12\"  >\n\t\t\t\t<div class=\"col-inner\"  >\n\t\t\t\n\t\t\t\n\t<div class=\"img has-hover x md-x lg-x y md-y lg-y\" id=\"image_105894598\">\n\t\t\t\t\t\t\t\t<div class=\"img-inner image-cover dark\" style=\"padding-top:69%;\">\n\t\t\t<img fetchpriority=\"high\" decoding=\"async\" width=\"640\" height=\"340\" src=\"https:\/\/bestwesternplusmontreal.gmtpdigital.ca\/wp-content\/uploads\/sites\/285\/2021\/06\/BW_Photo_02.jpg\" class=\"attachment-large size-large\" alt=\"\" srcset=\"https:\/\/bestwesternplusmontreal.gmtpdigital.ca\/wp-content\/uploads\/sites\/285\/2021\/06\/BW_Photo_02.jpg 640w, https:\/\/bestwesternplusmontreal.gmtpdigital.ca\/wp-content\/uploads\/sites\/285\/2021\/06\/BW_Photo_02-300x159.jpg 300w\" sizes=\"(max-width: 640px) 100vw, 640px\" \/>\t\t\t\t\t\t\n\t\t\t\t\t<\/div>\n\t\t\t\t\t\t\t\t\n<style>\n#image_105894598 {\n  width: 100%;\n}\n<\/style>\n\t<\/div>\n\t\n\t\t<\/div>\n\t\t\t\t\t<\/div>\n\n\t\n<\/div>\n<div class=\"row row-collapse row-full-width odd\"  id=\"row-1966824720\">\n\n\t<div id=\"col-335646295\" class=\"col medium-12 small-12 large-12\"  >\n\t\t\t\t<div class=\"col-inner\"  >\n\t\t\t\n\t\t\t\n<h2 style=\"color: white;margin-top: 13px;text-align: center\">SERVICES DE L\u2019H\u00d4TEL<\/h2>\n\t\t<\/div>\n\t\t\t\t\t<\/div>\n\n\t\n<\/div>\n\t<div id=\"gap-1781950774\" class=\"gap-element clearfix\" style=\"display:block; height:auto;\">\n\t\t\n<style>\n#gap-1781950774 {\n  padding-top: 30px;\n}\n<\/style>\n\t<\/div>\n\t\n<div class=\"row\"  id=\"row-90848210\">\n\n\t<div id=\"col-578790903\" class=\"col small-12 large-12\"  >\n\t\t\t\t<div class=\"col-inner\"  >\n\t\t\t\n\t\t\t\n<p>\u00a0<\/p>\n<p class=\"p1\"><strong>Climatisation\/chauffage<br \/><\/strong>La climatisation et le chauffage dans votre chambre ne peut fonctionner efficacement si les portes ou les fen\u00eatres sont ferm\u00e9es. Les contr\u00f4les de la temp\u00e9rature individuels se trouvent dans chaque chambre. R\u00e9glez les\u00a0contr\u00f4les selon votre choix.<\/p>\n<p class=\"p1\"><strong>Petit d\u00e9jeuner<br \/><\/strong>Petit d\u00e9jeuner chaud est disponible de 7h00 \u00e0 10h00 tous les jours dans\u00a0la salle du petit d\u00e9jeuner.<\/p>\n<p class=\"p1\"><strong>Services commerciaux<br \/><\/strong>Ouvert 24 h. Les services de photocopie et de t\u00e9l\u00e9copie sont disponibles\u00a0au Mezzanine et c\u2019est gratuit.<\/p>\n<p class=\"p1\"><strong>Heure de d\u00e9part de la chambre<br \/><\/strong>L\u2019heure de d\u00e9part de la chambre est 12h00. Si vous d\u00e9sirez prolonger\u00a0votre s\u00e9jour, veuillez informer la r\u00e9ception avant 10h00 et nous\u00a0r\u00e9pondrons \u00e0 votre besoin selon les disponibilit\u00e9s.<\/p>\n<p class=\"p1\"><strong>Caf\u00e9\/Th\u00e9<br \/><\/strong>Caf\u00e9 et th\u00e9 gratuits sont disponibles dans votre chambre et dans le foyer.<\/p>\n<p class=\"p1\"><strong>Cartes de cr\u00e9dits accept\u00e9es<br \/><\/strong>Nous acceptons les cartes de cr\u00e9dit suivantes: American Express,\u00a0Mastercard, Visa, Diners Club, et carte de d\u00e9bit.<\/p>\n<p class=\"p1\"><strong>D\u00e9part express<br \/><\/strong>Nous offrons les types de d\u00e9part express suivants: folio \u00e0 votre chambre\u00a0ou par courriel. Demander \u00e0 la r\u00e9ception pour plus d\u2019informations sur ce\u00a0service.<\/p>\n<p class=\"p1\"><strong>Salle de musculation<br \/><\/strong>Situ\u00e9e au Mezzanine. Ouvert: 5h00 \u2013 24h00.<br \/>Visitez la r\u00e9ception ou composer le 0 pour demander \u00e0 propos de\u00a0<\/p>\n<p class=\"p1\">\u201cle gymnase dans un sac\u201d qui incluant un tapis d\u2019exercise, rouleau de\u00a0mousse, balle m\u00e9dicinale, balle d\u2019\u00e9x\u00e9rcise, et bande de r\u00e9sistance.<\/p>\n<p class=\"p1\"><strong>R\u00e9ception<\/strong> Composer le 0<br \/>Le personnel de la r\u00e9ception est disponsible pour vous aider 24 heures\u00a0par jour.<\/p>\n<p class=\"p1\"><strong>Accessibilit\u00e9 aux personnes \u00e0 mobilit\u00e9 r\u00e9duite<\/strong><\/p>\n<p class=\"p1\">En cas d\u2019urgence, votre s\u00e9curit\u00e9 est notre premi\u00e8re pr\u00e9occupation.\u00a0S\u2019il vous pla\u00eet informer la r\u00e9ception \u00e0 l\u2019arriv\u00e9e s\u2019il y a un invit\u00e9 avec un\u00a0handicap\u00e9 dans la chambre.<\/p>\n<p class=\"p1\"><strong>Entretien m\u00e9nager<\/strong> Composer le 0<\/p>\n<p class=\"p1\">Les articles suivants sont disponibles sur demande :\u00a0<br \/>Couvertures suppl\u00e9mentaires, oreillers suppl\u00e9mentaires, serviettes\u00a0 suppl\u00e9mentaires et savon suppl\u00e9mentaire.<\/p>\n<p class=\"p1\">Vous avez oubli\u00e9 quelque chose? Des articles gratuits sont disponibles\u00a024 heures par jour \u00e0 la r\u00e9ception \u2013 peigne, rasoir, mousse \u00e0 raser, brosse\u00a0\u00e0 dents, p\u00e2te dentifrice, et kit de couture sont disponibles. Les serviettes\u00a0hygi\u00e9niques sont disponibles dans le petit boutique (complimentaire).<\/p>\n<p class=\"p1\"><strong>Machines \u00e0 glace<br \/><\/strong>Situ\u00e9e au Mezzanine, 3e et 5e \u00e9tage.<\/p>\n<p class=\"p1\"><strong>Buanderie\/nettoyage \u00e0 sec<br \/><\/strong>Des services de nettoyage \u00e0 sec sont fournis par une compagnie\u00a0ind\u00e9pendante. Disponible du lundi au vendredi, sauf les jours de\u00a0cong\u00e9. Apportez vos articles \u00e0 la r\u00e9ception avant 8h00. Nous agissons\u00a0uniquement comme agent de liaison et nous n\u2019acceptons aucune\u00a0responsabilit\u00e9 pour les articles perdus ou endommag\u00e9s.<\/p>\n<p class=\"p1\"><strong>Objets trouv\u00e9s<\/strong> Composer le 0<br \/>Ouvert de 8h00 \u00e0 16h30.<\/p>\n<p class=\"p1\"><strong>Entreposage des bagages<\/strong> Composer le 0\u00a0<br \/>Assistance \u00e0 bagages est disponible \u00e0 la r\u00e9ception 24 heures.<\/p>\n<p class=\"p1\">D\u00e9pot de bagages est disponible gratuitement pour nos clients et il est\u00a0disponible jusqu\u2019\u00e0 6 heures apr\u00e8s avoir quitt\u00e9 votre chambre.<\/p>\n<p class=\"p1\"><strong>Messages<\/strong> Composer le *98<br \/>Lorsque la lumi\u00e8re rouge de votre t\u00e9l\u00e9phone clignote, elle indique qu\u2019il y a\u00a0un message pour vous \u00e0 la r\u00e9ception.<\/p>\n<p class=\"p1\"><strong>Messagerie en avant<br \/><\/strong>Vas-tu quelque part? Laissez-nous vous aider \u00e0 r\u00e9server votre prochaine\u00a0r\u00e9servation \u00e0 l\u2019un des 4000 h\u00f4tels dans le monde. 1.800.WESTERN ou\u00a0bestwestern.com.<\/p>\n<p class=\"p1\"><strong>Coffres-forts<br \/><\/strong>Pour votre s\u00e9curit\u00e9 et pour des raisons pratiques, nous vous sugg\u00e9rons de\u00a0laisser tout objet de valeur dans les coffres-forts disponibles dans votre\u00a0chambre. Informez-vous \u00e0 la r\u00e9ception. Veuillez ne pas laisser d\u2019argent, de\u00a0ch\u00e8ques de voyage ou de bijoux dans votre chambre. Nous ne prenons\u00a0aucune r\u00e9sponsabilit\u00e9s pour les objets de valeur perdus.<\/p>\n<p class=\"p1\"><strong>Collations et breuvages<br \/><\/strong>Des distributeurs automatiques sont situ\u00e9s au Mezzanine. Caf\u00e9 et th\u00e9 est\u00a0disponible dans le foyer 24 heures.<\/p>\n<p class=\"p1\"><strong>Instructions t\u00e9l\u00e9phoniques<br \/>Service aux chambres<\/strong> Composer le 0<br \/><strong>Chambre \u00e0 chambre<\/strong> Composer le num\u00e9ro de la chambre<br \/><strong>Appels locaux<\/strong> Composer le 9 + code r\u00e9gional (514\/450\/438)\u00a0+ num\u00e9ro\u00a0(des frais s\u2019appliquent apr\u00e8s 30 minutes)<br \/><strong>Appels interurbains<\/strong> Composer le 9 + 1 + code r\u00e9gional + num\u00e9ro\u00a0(Am\u00e9rique du Nord &#8211; Gratuit)<br \/><strong>Carte d\u2019appe<\/strong>l Composer le 9 + code r\u00e9gional + num\u00e9ro\u00a0Apr\u00e8s la tonalit\u00e9, entrez votre num\u00e9ro de carte + votre NIP (14 chiffres)<br \/>Aucun frais de services aux num\u00e9ros 800, 888, 877 et 866.<\/p>\n<p class=\"p1\"><strong>Pensons vert<br \/><\/strong>Chaque jour, des millions de litres d\u2019eau sont utilis\u00e9s pour laver\u00a0des serviettes et des draps qui n\u2019ont servi qu\u2019une seule fois.<\/p>\n<p class=\"p1\"><strong>\u00c0 vous de d\u00e9cider<br \/><\/strong>\u2022 Une serviette sur le porte-serviettes signifie : \u00ab Je la\u00a0r\u00e9utiliserai. \u00bb<br \/>\u2022 Un serviette laiss\u00e9e sur le sol signifie : \u00ab \u00c0 remplacer\u00a0s.v.p. \u00bb<br \/>\u2022 Si votre s\u00e9jour s\u2019\u00e9tend sur plusieurs jours et que vous pr\u00e9f\u00e9rez\u00a0que nous ne changions pas les draps, veuillez placer la carte\u00a0sur le lit tous les matins.\u00a0<br \/>\u2022 La carte sur le lit signifie : \u00ab Nul besoin de changer les draps aujourd\u2019hui. \u00bb<\/p>\n<p class=\"p1\">Merci de contribuer \u00e0 nos efforts de conservation.<\/p>\n<p class=\"p1\"><strong>R\u00e9veil t\u00e9l\u00e9phonique<br \/><\/strong>Demandez un r\u00e9veil t\u00e9l\u00e9phonique \u00e0 la r\u00e9ception, ou vous pouvez\u00a0programmer la radio r\u00e9veil fournie dans votre chambre.<\/p>\n<p class=\"p1\"><strong>Eau<br \/><\/strong>De l\u2019eau embouteill\u00e9e est disponible dans le petit boutique.<\/p>\n<p class=\"p1\">Internet sans fils \u00e0 haute vitesse<\/p>\n<p class=\"p1\">Disponible dans toutes les chambres.<\/p>\n\t\t<\/div>\n\t\t\t\t\t<\/div>\n\n\t\n<\/div>\n<div class=\"row footer-gap\"  id=\"row-1243478048\">\n\n\t<div id=\"col-1779698700\" class=\"col small-12 large-12\"  >\n\t\t\t\t<div class=\"col-inner\"  >\n\t\t\t\n\t\t\t\n\t<div id=\"gap-687041842\" class=\"gap-element clearfix\" style=\"display:block; height:auto;\">\n\t\t\n<style>\n#gap-687041842 {\n  padding-top: 53px;\n}\n<\/style>\n\t<\/div>\n\t\n\t\t<\/div>\n\t\t\t\t\t<\/div>\n\n\t\n<\/div>\n\t<div id=\"gap-1333216338\" class=\"gap-element clearfix\" style=\"display:block; height:auto;\">\n\t\t\n<style>\n#gap-1333216338 {\n  padding-top: 100px;\n}\n<\/style>\n\t<\/div>\n\t\n","protected":false},"excerpt":{"rendered":"","protected":false},"author":1,"featured_media":0,"parent":0,"menu_order":0,"comment_status":"closed","ping_status":"closed","template":"page-blank.php","meta":{"_mi_skip_tracking":false,"footnotes":""},"class_list":["post-380","page","type-page","status-publish","hentry"],"_links":{"self":[{"href":"https:\/\/bestwesternplusmontreal.gmtpdigital.ca\/fr\/wp-json\/wp\/v2\/pages\/380","targetHints":{"allow":["GET"]}}],"collection":[{"href":"https:\/\/bestwesternplusmontreal.gmtpdigital.ca\/fr\/wp-json\/wp\/v2\/pages"}],"about":[{"href":"https:\/\/bestwesternplusmontreal.gmtpdigital.ca\/fr\/wp-json\/wp\/v2\/types\/page"}],"author":[{"embeddable":true,"href":"https:\/\/bestwesternplusmontreal.gmtpdigital.ca\/fr\/wp-json\/wp\/v2\/users\/1"}],"replies":[{"embeddable":true,"href":"https:\/\/bestwesternplusmontreal.gmtpdigital.ca\/fr\/wp-json\/wp\/v2\/comments?post=380"}],"version-history":[{"count":15,"href":"https:\/\/bestwesternplusmontreal.gmtpdigital.ca\/fr\/wp-json\/wp\/v2\/pages\/380\/revisions"}],"predecessor-version":[{"id":1852,"href":"https:\/\/bestwesternplusmontreal.gmtpdigital.ca\/fr\/wp-json\/wp\/v2\/pages\/380\/revisions\/1852"}],"wp:attachment":[{"href":"https:\/\/bestwesternplusmontreal.gmtpdigital.ca\/fr\/wp-json\/wp\/v2\/media?parent=380"}],"curies":[{"name":"wp","href":"https:\/\/api.w.org\/{rel}","templated":true}]}}