{"id":389,"date":"2018-09-28T23:09:58","date_gmt":"2018-09-28T23:09:58","guid":{"rendered":"http:\/\/gmtpdigital.ca\/bestwesternplusmontreal\/?page_id=389"},"modified":"2021-05-25T21:57:45","modified_gmt":"2021-05-25T21:57:45","slug":"guest-directory","status":"publish","type":"page","link":"https:\/\/bestwesternplusmontreal.gmtpdigital.ca\/fr\/guest-directory\/","title":{"rendered":"Guest Directory"},"content":{"rendered":"<div class=\"row row-collapse row-full-width odd-title\"  id=\"row-1144337037\">\n\n\t<div id=\"col-814563101\" class=\"col medium-12 small-12 large-12\"  >\n\t\t\t\t<div class=\"col-inner text-center\"  >\n\t\t\t\n\t\t\t\n<h2 style=\"margin-left: 20px;color: white;margin-top: 13px\">R\u00e9pertoire de l\u2019h\u00f4tel<\/h2>\n\t\t<\/div>\n\t\t\t\t\t<\/div>\n\n\t\n<\/div>\n<div class=\"row row-collapse row-full-width odd\"  id=\"row-895566138\">\n\n\t<div id=\"col-1711253504\" class=\"col medium-12 small-12 large-12\"  >\n\t\t\t\t<div class=\"col-inner\"  >\n\t\t\t\n\t\t\t\n<h3 style=\"margin-left: 20px;color: white;margin-top: 13px\"><a style=\"color: white\" href=\"\/fr\/hotel-services\/\">Services de l\u2019h\u00f4tel<\/a><\/h3>\n\t\t<\/div>\n\t\t\t\t\t<\/div>\n\n\t\n<\/div>\n<div class=\"row row-collapse row-full-width odd\"  id=\"row-951164492\">\n\n\t<div id=\"col-473690902\" class=\"col medium-12 small-12 large-12\"  >\n\t\t\t\t<div class=\"col-inner\"  >\n\t\t\t\n\t\t\t\n<h3 style=\"margin-left: 20px;color: white;margin-top: 13px\"><a style=\"color: white\" href=\"\/fr\/liste-des-chaines-de-television\/\">Liste des cha\u00eenes de t\u00e9l\u00e9vision<\/a><\/h3>\n\t\t<\/div>\n\t\t\t\t\t<\/div>\n\n\t\n<\/div>\n<div class=\"row row-collapse row-full-width odd\"  id=\"row-1154470310\">\n\n\t<div id=\"col-318449508\" class=\"col medium-12 small-12 large-12\"  >\n\t\t\t\t<div class=\"col-inner\"  >\n\t\t\t\n\t\t\t\n<h3 style=\"margin-left: 20px;color: white;margin-top: 13px\"><a style=\"color: white\" href=\"\/fr\/telephone-technology\/\">T\u00e9l\u00e9phone et technologie<\/a><\/h3>\n\t\t<\/div>\n\t\t\t\t\t<\/div>\n\n\t\n<\/div>\n<div class=\"row row-collapse row-full-width odd\"  id=\"row-933968972\">\n\n\t<div id=\"col-1498914554\" class=\"col medium-12 small-12 large-12\"  >\n\t\t\t\t<div class=\"col-inner\"  >\n\t\t\t\n\t\t\t\n<h3 style=\"margin-left: 20px;color: white;margin-top: 13px\"><a style=\"color: white\" href=\"https:\/\/bestwesternplusmontreal.gmtpdigital.ca\/wp-content\/uploads\/sites\/285\/2021\/05\/iHotel_FR.pdf\">Connexion Internet<\/a><\/h3>\n\t\t<\/div>\n\t\t\t\t\t<\/div>\n\n\t\n<\/div>\n<div class=\"row row-collapse row-full-width odd\"  id=\"row-389400409\">\n\n\t<div id=\"col-1522513703\" class=\"col medium-12 small-12 large-12\"  >\n\t\t\t\t<div class=\"col-inner\"  >\n\t\t\t\n\t\t\t\n<h3 style=\"margin-left: 20px;color: white;margin-top: 13px\"><a style=\"color: white\" href=\"\/fr\/centre-daffaire\/\">Centre d\u2019affaire<\/a><\/h3>\n\t\t<\/div>\n\t\t\t\t\t<\/div>\n\n\t\n<\/div>\n\n\n\n\n\n\n\n\n\n<div class=\"row row-collapse row-full-width odd\"  id=\"row-667087319\">\n\n\t<div id=\"col-160475253\" class=\"col medium-12 small-12 large-12\"  >\n\t\t\t\t<div class=\"col-inner\"  >\n\t\t\t\n\t\t\t\n<h3 style=\"margin-left: 20px;color: white;margin-top: 13px\"><a style=\"color: white\" href=\"\/fr\/numeros-importants\/\">Num\u00e9ros importants<\/a><\/h3>\n\t\t<\/div>\n\t\t\t\t\t<\/div>\n\n\t\n<\/div>\n<div class=\"row row-collapse row-full-width odd\"  id=\"row-2134044512\">\n\n\t<div id=\"col-1260064267\" class=\"col medium-12 small-12 large-12\"  >\n\t\t\t\t<div class=\"col-inner\"  >\n\t\t\t\n\t\t\t\n<h3 style=\"margin-left: 20px;color: white;margin-top: 13px\"><a style=\"color: white\" href=\"\/fr\/emergency\/\">Proc\u00e9dures d\u2019urgence<\/a><\/h3>\n\t\t<\/div>\n\t\t\t\t\t<\/div>\n\n\t\n<\/div>\n<div class=\"row footer-gap\"  id=\"row-379414078\">\n\n\t<div id=\"col-1004704104\" class=\"col small-12 large-12\"  >\n\t\t\t\t<div class=\"col-inner\"  >\n\t\t\t\n\t\t\t\n\t<div id=\"gap-840625442\" class=\"gap-element clearfix\" style=\"display:block; height:auto;\">\n\t\t\n<style>\n#gap-840625442 {\n  padding-top: 53px;\n}\n<\/style>\n\t<\/div>\n\t\n\t\t<\/div>\n\t\t\t\t\t<\/div>\n\n\t\n<\/div>\n","protected":false},"excerpt":{"rendered":"","protected":false},"author":1,"featured_media":0,"parent":0,"menu_order":0,"comment_status":"closed","ping_status":"closed","template":"page-blank.php","meta":{"_mi_skip_tracking":false,"footnotes":""},"class_list":["post-389","page","type-page","status-publish","hentry"],"_links":{"self":[{"href":"https:\/\/bestwesternplusmontreal.gmtpdigital.ca\/fr\/wp-json\/wp\/v2\/pages\/389","targetHints":{"allow":["GET"]}}],"collection":[{"href":"https:\/\/bestwesternplusmontreal.gmtpdigital.ca\/fr\/wp-json\/wp\/v2\/pages"}],"about":[{"href":"https:\/\/bestwesternplusmontreal.gmtpdigital.ca\/fr\/wp-json\/wp\/v2\/types\/page"}],"author":[{"embeddable":true,"href":"https:\/\/bestwesternplusmontreal.gmtpdigital.ca\/fr\/wp-json\/wp\/v2\/users\/1"}],"replies":[{"embeddable":true,"href":"https:\/\/bestwesternplusmontreal.gmtpdigital.ca\/fr\/wp-json\/wp\/v2\/comments?post=389"}],"version-history":[{"count":51,"href":"https:\/\/bestwesternplusmontreal.gmtpdigital.ca\/fr\/wp-json\/wp\/v2\/pages\/389\/revisions"}],"predecessor-version":[{"id":1825,"href":"https:\/\/bestwesternplusmontreal.gmtpdigital.ca\/fr\/wp-json\/wp\/v2\/pages\/389\/revisions\/1825"}],"wp:attachment":[{"href":"https:\/\/bestwesternplusmontreal.gmtpdigital.ca\/fr\/wp-json\/wp\/v2\/media?parent=389"}],"curies":[{"name":"wp","href":"https:\/\/api.w.org\/{rel}","templated":true}]}}