{"id":884,"date":"2020-09-22T16:18:46","date_gmt":"2020-09-22T16:18:46","guid":{"rendered":"http:\/\/gmtpdigital.ca\/bestwesternplusmontreal\/covid19\/"},"modified":"2021-06-02T02:17:40","modified_gmt":"2021-06-02T02:17:40","slug":"covid19","status":"publish","type":"page","link":"https:\/\/bestwesternplusmontreal.gmtpdigital.ca\/fr\/covid19\/","title":{"rendered":"COVID -19 MEASURE PR\u00c9VENTIVE"},"content":{"rendered":"<div class=\"row row-collapse row-full-width\"  id=\"row-1498522783\">\n\n\t<div id=\"col-1475209505\" class=\"col small-12 large-12\"  >\n\t\t\t\t<div class=\"col-inner\"  >\n\t\t\t\n\t\t\t\n<div class=\"slider-wrapper relative\" id=\"slider-1449500112\" >\n    <div class=\"slider slider-nav-circle slider-nav-large slider-nav-light slider-style-normal\"\n        data-flickity-options='{\n            \"cellAlign\": \"center\",\n            \"imagesLoaded\": true,\n            \"lazyLoad\": 1,\n            \"freeScroll\": false,\n            \"wrapAround\": true,\n            \"autoPlay\": 6000,\n            \"pauseAutoPlayOnHover\" : true,\n            \"prevNextButtons\": true,\n            \"contain\" : true,\n            \"adaptiveHeight\" : true,\n            \"dragThreshold\" : 10,\n            \"percentPosition\": true,\n            \"pageDots\": true,\n            \"rightToLeft\": false,\n            \"draggable\": true,\n            \"selectedAttraction\": 0.1,\n            \"parallax\" : 0,\n            \"friction\": 0.6        }'\n        >\n        \n\t<div class=\"img has-hover x md-x lg-x y md-y lg-y\" id=\"image_731852229\">\n\t\t\t\t\t\t\t\t<div class=\"img-inner dark\" >\n\t\t\t<img fetchpriority=\"high\" decoding=\"async\" width=\"640\" height=\"340\" src=\"https:\/\/bestwesternplusmontreal.gmtpdigital.ca\/wp-content\/uploads\/sites\/285\/2020\/09\/COVID-PAGE-SLIDER-1.jpg\" class=\"attachment-large size-large\" alt=\"\" srcset=\"https:\/\/bestwesternplusmontreal.gmtpdigital.ca\/wp-content\/uploads\/sites\/285\/2020\/09\/COVID-PAGE-SLIDER-1.jpg 640w, https:\/\/bestwesternplusmontreal.gmtpdigital.ca\/wp-content\/uploads\/sites\/285\/2020\/09\/COVID-PAGE-SLIDER-1-300x159.jpg 300w\" sizes=\"(max-width: 640px) 100vw, 640px\" \/>\t\t\t\t\t\t\n\t\t\t\t\t<\/div>\n\t\t\t\t\t\t\t\t\n<style>\n#image_731852229 {\n  width: 100%;\n}\n<\/style>\n\t<\/div>\n\t\n\t<div class=\"img has-hover x md-x lg-x y md-y lg-y\" id=\"image_1303983526\">\n\t\t\t\t\t\t\t\t<div class=\"img-inner dark\" >\n\t\t\t<img decoding=\"async\" width=\"640\" height=\"340\" src=\"https:\/\/bestwesternplusmontreal.gmtpdigital.ca\/wp-content\/uploads\/sites\/285\/2020\/09\/covid-page-2.jpg\" class=\"attachment-large size-large\" alt=\"\" srcset=\"https:\/\/bestwesternplusmontreal.gmtpdigital.ca\/wp-content\/uploads\/sites\/285\/2020\/09\/covid-page-2.jpg 640w, https:\/\/bestwesternplusmontreal.gmtpdigital.ca\/wp-content\/uploads\/sites\/285\/2020\/09\/covid-page-2-300x159.jpg 300w\" sizes=\"(max-width: 640px) 100vw, 640px\" \/>\t\t\t\t\t\t\n\t\t\t\t\t<\/div>\n\t\t\t\t\t\t\t\t\n<style>\n#image_1303983526 {\n  width: 100%;\n}\n<\/style>\n\t<\/div>\n\t\n\t<div class=\"img has-hover x md-x lg-x y md-y lg-y\" id=\"image_147842341\">\n\t\t\t\t\t\t\t\t<div class=\"img-inner dark\" >\n\t\t\t<img decoding=\"async\" width=\"640\" height=\"340\" src=\"https:\/\/bestwesternplusmontreal.gmtpdigital.ca\/wp-content\/uploads\/sites\/285\/2020\/09\/covid-page-3.jpg\" class=\"attachment-large size-large\" alt=\"\" srcset=\"https:\/\/bestwesternplusmontreal.gmtpdigital.ca\/wp-content\/uploads\/sites\/285\/2020\/09\/covid-page-3.jpg 640w, https:\/\/bestwesternplusmontreal.gmtpdigital.ca\/wp-content\/uploads\/sites\/285\/2020\/09\/covid-page-3-300x159.jpg 300w\" sizes=\"(max-width: 640px) 100vw, 640px\" \/>\t\t\t\t\t\t\n\t\t\t\t\t<\/div>\n\t\t\t\t\t\t\t\t\n<style>\n#image_147842341 {\n  width: 100%;\n}\n<\/style>\n\t<\/div>\n\t\n     <\/div>\n\n     <div class=\"loading-spin dark large centered\"><\/div>\n\n\t<\/div>\n\n\n\t\t<\/div>\n\t\t\t\t\t<\/div>\n\n\t\n<\/div>\n<div class=\"row row-collapse row-full-width odd\"  id=\"row-168350014\">\n\n\t<div id=\"col-1968886302\" class=\"col medium-12 small-12 large-12\"  >\n\t\t\t\t<div class=\"col-inner\"  >\n\t\t\t\n\t\t\t\n<h2 style=\"color: #fff;margin-top: 13px;text-align: center\">COVID -19 MEASURE PR\u00c9VENTIVE<\/h2>\n\t\t<\/div>\n\t\t\t\t\t<\/div>\n\n\t\n<\/div>\n\t<div id=\"gap-747047985\" class=\"gap-element clearfix\" style=\"display:block; height:auto;\">\n\t\t\n<style>\n#gap-747047985 {\n  padding-top: 30px;\n}\n<\/style>\n\t<\/div>\n\t\n<div class=\"row\"  id=\"row-887636843\">\n\n\t<div id=\"col-480000361\" class=\"col small-12 large-12\"  >\n\t\t\t\t<div class=\"col-inner\"  >\n\t\t\t\n\t\t\t\n<p>La sant\u00e9 et la s\u00e9curit\u00e9 de nos clients constituent notre priorit\u00e9 absolue. Chez Choice Hotels, nous\u00a0sommes tr\u00e8s fiers de l&rsquo;engagement de longue date de nos \u00e9tablissements envers la propret\u00e9 et\u00a0de l&rsquo;attention toute particuli\u00e8re qu&rsquo;ils y accordent. Il s&rsquo;agit d&rsquo;une habitude bien ancr\u00e9e dans nos\u00a0h\u00f4tels ainsi que dans l&rsquo;ensemble de l&rsquo;industrie h\u00f4teli\u00e8re. Voil\u00e0 pourquoi nous avons lanc\u00e9 l&rsquo;initiative<br \/>Nettement engag\u00e9s.<\/p>\n<h3>\u00c0 quoi pouvez-vous vous attendre de notre part ?<strong><br \/><\/strong><\/h3>\n<p><strong>NOUS CONNAISSONS LA PROPRET\u00c9<\/strong><\/p>\n<p>Nous d\u00e9doublons nos efforts en offrant des ressources de formation suppl\u00e9mentaires, en pr\u00e9sentant\u00a0des directives rehauss\u00e9es et en suivant des pratiques exemplaires et protocoles exhaustifs en mati\u00e8re\u00a0de nettoyage et de d\u00e9sinfection :<\/p>\n<ul>\n<li>Nos pr\u00e9pos\u00e9s \u00e0 l\u2019entretien m\u00e9nager suivent une liste de v\u00e9rification de la propret\u00e9 comportant plus\u00a0de 150 points<\/li>\n<li>Nous utilisons des d\u00e9sinfectants recommand\u00e9s par l\u2019Agence de la sant\u00e9 publique du Canada\u00a0partout dans l\u2019h\u00f4tel<\/li>\n<li>Nous mettons en place de nouveaux protocoles pour encourager l\u2019\u00e9loignement social,\u00a0conform\u00e9ment aux lignes directrices de l\u2019Agence de la sant\u00e9 publique du Canada<\/li>\n<\/ul>\n<p><strong>DAVANTAGE DE RESSOURCES POUR NOTRE \u00c9QUIPE<\/strong><\/p>\n<p>Nous suivons toutes les mises \u00e0 jour, et fournissons \u00e0 nos employ\u00e9s des ressources et de la formation\u00a0actualis\u00e9es :<\/p>\n<ul>\n<li>L\u2019acc\u00e8s \u00e0 un Centre de la propret\u00e9 [Cleanliness Hub] en ligne, qui contient de nouvelles ressources\u00a0et des pratiques exemplaires mises \u00e0 jour continuellement<\/li>\n<li>Des protocoles rehauss\u00e9s de l\u2019initiative S\u00e9jour s\u00fbr [Safe Stay], \u00e9labor\u00e9s en partenariat avec les\u00a0associations h\u00f4teli\u00e8res au Canada et aux \u00c9tats-Unis<\/li>\n<li>Un chef de l\u2019initiative Nettement engag\u00e9s dans chaque h\u00f4tel Choice, y compris le n\u00f4tre, qui suivra\u00a0une formation de qualit\u00e9 sup\u00e9rieure sur la propret\u00e9 et int\u00e9grera les nouveaux protocoles dans les\u00a0activit\u00e9s de l\u2019h\u00f4tel<\/li>\n<\/ul>\n<p><strong>UN ENGAGEMENT \u00c9VIDENT<\/strong><\/p>\n<p>Vous constaterez que nous sommes Nettement engag\u00e9s \u00e0 tout moment de votre s\u00e9jour, de votre\u00a0enregistrement \u00e0 votre d\u00e9part :<\/p>\n<ul>\n<li>Du d\u00e9sinfectant pour les mains ou des lingettes \u00e0 votre disposition dans les zones principales de l\u2019h\u00f4tel<\/li>\n<li>Un petit-d\u00e9jeuner \u00e0 emporter compos\u00e9 d\u2019aliments emball\u00e9s individuellement<\/li>\n<li>Des protocoles renforc\u00e9s visant le nettoyage des zones tr\u00e8s fr\u00e9quent\u00e9es et des surfaces\u00a0fr\u00e9quemment touch\u00e9es<\/li>\n<li>L\u2019entretien m\u00e9nager \u00ab \u00e0 la demande \u00bb permettant aux clients de demander la livraison d\u2019articles de\u00a0toilette, de serviettes, de draps ou de caf\u00e9 suppl\u00e9mentaires sans qu\u2019un pr\u00e9pos\u00e9 entre dans leur chambre<\/li>\n<\/ul>\n\t\t<\/div>\n\t\t\t\t\t<\/div>\n\n\t\n<\/div>\n<div class=\"row footer-gap\"  id=\"row-678024623\">\n\n\t<div id=\"col-997654257\" class=\"col small-12 large-12\"  >\n\t\t\t\t<div class=\"col-inner\"  >\n\t\t\t\n\t\t\t\n\t<div id=\"gap-2001458079\" class=\"gap-element clearfix\" style=\"display:block; height:auto;\">\n\t\t\n<style>\n#gap-2001458079 {\n  padding-top: 53px;\n}\n<\/style>\n\t<\/div>\n\t\n\t\t<\/div>\n\t\t\t\t\t<\/div>\n\n\t\n<\/div>\n","protected":false},"excerpt":{"rendered":"","protected":false},"author":1,"featured_media":0,"parent":0,"menu_order":0,"comment_status":"closed","ping_status":"closed","template":"page-blank.php","meta":{"_mi_skip_tracking":false,"footnotes":""},"class_list":["post-884","page","type-page","status-publish","hentry"],"_links":{"self":[{"href":"https:\/\/bestwesternplusmontreal.gmtpdigital.ca\/fr\/wp-json\/wp\/v2\/pages\/884","targetHints":{"allow":["GET"]}}],"collection":[{"href":"https:\/\/bestwesternplusmontreal.gmtpdigital.ca\/fr\/wp-json\/wp\/v2\/pages"}],"about":[{"href":"https:\/\/bestwesternplusmontreal.gmtpdigital.ca\/fr\/wp-json\/wp\/v2\/types\/page"}],"author":[{"embeddable":true,"href":"https:\/\/bestwesternplusmontreal.gmtpdigital.ca\/fr\/wp-json\/wp\/v2\/users\/1"}],"replies":[{"embeddable":true,"href":"https:\/\/bestwesternplusmontreal.gmtpdigital.ca\/fr\/wp-json\/wp\/v2\/comments?post=884"}],"version-history":[{"count":15,"href":"https:\/\/bestwesternplusmontreal.gmtpdigital.ca\/fr\/wp-json\/wp\/v2\/pages\/884\/revisions"}],"predecessor-version":[{"id":1845,"href":"https:\/\/bestwesternplusmontreal.gmtpdigital.ca\/fr\/wp-json\/wp\/v2\/pages\/884\/revisions\/1845"}],"wp:attachment":[{"href":"https:\/\/bestwesternplusmontreal.gmtpdigital.ca\/fr\/wp-json\/wp\/v2\/media?parent=884"}],"curies":[{"name":"wp","href":"https:\/\/api.w.org\/{rel}","templated":true}]}}